{"id":2,"date":"2024-09-09T17:23:03","date_gmt":"2024-09-09T15:23:03","guid":{"rendered":"\/?page_id=2"},"modified":"2024-11-12T23:53:30","modified_gmt":"2024-11-12T22:53:30","slug":"schemat-modulu-reklamowego","status":"publish","type":"page","link":"https:\/\/bigform-schemat.dfirma.pl\/","title":{"rendered":"SCHEMAT MODU\u0141U REKLAMOWEGO"},"content":{"rendered":"\t\t<div data-elementor-type=\"wp-page\" data-elementor-id=\"2\" class=\"elementor elementor-2\">\n\t\t\t\t<div class=\"elementor-element elementor-element-f2c5696 e-flex e-con-boxed e-con e-parent\" data-id=\"f2c5696\" data-element_type=\"container\">\n\t\t\t\t\t<div class=\"e-con-inner\">\n\t\t\t\t<div class=\"elementor-element elementor-element-c0da29e elementor-widget elementor-widget-image\" data-id=\"c0da29e\" data-element_type=\"widget\" data-widget_type=\"image.default\">\n\t\t\t\t<div class=\"elementor-widget-container\">\n\t\t\t\t\t\t\t\t\t\t\t\t\t<img decoding=\"async\" width=\"180\" height=\"150\" src=\"https:\/\/bigform-schemat.dfirma.pl\/wp-content\/uploads\/2024\/11\/logo-bigform.png\" class=\"attachment-large size-large wp-image-57\" alt=\"\" \/>\t\t\t\t\t\t\t\t\t\t\t\t\t<\/div>\n\t\t\t\t<\/div>\n\t\t\t\t\t<\/div>\n\t\t\t\t<\/div>\n\t\t<div class=\"elementor-element elementor-element-72c69b8e e-con-full e-flex e-con e-parent\" data-id=\"72c69b8e\" data-element_type=\"container\">\n\t\t\t\t<div class=\"elementor-element elementor-element-699a672e elementor-widget__width-inherit elementor-widget elementor-widget-text-editor\" data-id=\"699a672e\" data-element_type=\"widget\" data-widget_type=\"text-editor.default\">\n\t\t\t\t<div class=\"elementor-widget-container\">\n\t\t\t\t\t\t\t<!-- wp:shortcode -->\n\n<div class=\"wpcf7 no-js\" id=\"wpcf7-f10-p2-o1\" lang=\"pl-PL\" dir=\"ltr\" data-wpcf7-id=\"10\">\n<div class=\"screen-reader-response\"><p role=\"status\" aria-live=\"polite\" aria-atomic=\"true\"><\/p> <ul><\/ul><\/div>\n<form action=\"\/#wpcf7-f10-p2-o1\" method=\"post\" class=\"wpcf7-form init\" aria-label=\"Formularz kontaktowy\" novalidate=\"novalidate\" data-status=\"init\">\n<div style=\"display: none;\">\n<input type=\"hidden\" name=\"_wpcf7\" value=\"10\" \/>\n<input type=\"hidden\" name=\"_wpcf7_version\" value=\"6.0\" \/>\n<input type=\"hidden\" name=\"_wpcf7_locale\" value=\"pl_PL\" \/>\n<input type=\"hidden\" name=\"_wpcf7_unit_tag\" value=\"wpcf7-f10-p2-o1\" \/>\n<input type=\"hidden\" name=\"_wpcf7_container_post\" value=\"2\" \/>\n<input type=\"hidden\" name=\"_wpcf7_posted_data_hash\" value=\"\" \/>\n<\/div>\n<p><label>SCHEMAT MODU\u0141U REKLAMOWEGO<\/label><br \/>\n<span class=\"wpcf7-form-control-wrap\" data-name=\"text-140\"><input size=\"40\" maxlength=\"400\" class=\"wpcf7-form-control wpcf7-text wpcf7-validates-as-required\" aria-required=\"true\" aria-invalid=\"false\" placeholder=\"Szeroko\u015b\u0107  (mm)\" value=\"\" type=\"text\" name=\"text-140\" \/><\/span><br \/>\n<span class=\"wpcf7-form-control-wrap\" data-name=\"text-141\"><input size=\"40\" maxlength=\"400\" class=\"wpcf7-form-control wpcf7-text wpcf7-validates-as-required\" aria-required=\"true\" aria-invalid=\"false\" placeholder=\"Wysoko\u015b\u0107  (mm)\" value=\"\" type=\"text\" name=\"text-141\" \/><\/span><br \/>\n<span class=\"wpcf7-form-control-wrap\" data-name=\"text-142\"><input size=\"40\" maxlength=\"400\" class=\"wpcf7-form-control wpcf7-text wpcf7-validates-as-required\" aria-required=\"true\" aria-invalid=\"false\" placeholder=\"Numer modu\u0142u\" value=\"\" type=\"text\" name=\"text-142\" \/><\/span><br \/>\n<span class=\"wpcf7-form-control-wrap\" data-name=\"text-143\"><input size=\"40\" maxlength=\"400\" class=\"wpcf7-form-control wpcf7-text wpcf7-validates-as-required\" aria-required=\"true\" aria-invalid=\"false\" placeholder=\"Powiat \/ Plan miasta\" value=\"\" type=\"text\" name=\"text-143\" \/><\/span>\n<\/p>\n<p><label>TRE\u015a\u0106 I DANE TELEADRESOWE FIRMY DO REKLAMY<\/label><br \/>\n<span class=\"wpcf7-form-control-wrap\" data-name=\"text-144\"><input size=\"40\" maxlength=\"400\" class=\"wpcf7-form-control wpcf7-text wpcf7-validates-as-required\" aria-required=\"true\" aria-invalid=\"false\" placeholder=\"Nazwa Firmy\" value=\"\" type=\"text\" name=\"text-144\" \/><\/span><br \/>\n<span class=\"wpcf7-form-control-wrap\" data-name=\"text-145\"><input size=\"40\" maxlength=\"400\" class=\"wpcf7-form-control wpcf7-text\" aria-invalid=\"false\" placeholder=\"Kod\" value=\"\" type=\"text\" name=\"text-145\" \/><\/span><br \/>\n<span class=\"wpcf7-form-control-wrap\" data-name=\"text-146\"><input size=\"40\" maxlength=\"400\" class=\"wpcf7-form-control wpcf7-text\" aria-invalid=\"false\" placeholder=\"Miejscowo\u015b\u0107\" value=\"\" type=\"text\" name=\"text-146\" \/><\/span><br \/>\n<span class=\"wpcf7-form-control-wrap\" data-name=\"text-147\"><input size=\"40\" maxlength=\"400\" class=\"wpcf7-form-control wpcf7-text\" aria-invalid=\"false\" placeholder=\"Ulica\" value=\"\" type=\"text\" name=\"text-147\" \/><\/span><br \/>\n<span class=\"wpcf7-form-control-wrap\" data-name=\"text-148\"><input size=\"40\" maxlength=\"400\" class=\"wpcf7-form-control wpcf7-text\" aria-invalid=\"false\" placeholder=\"Telefon\" value=\"\" type=\"text\" name=\"text-148\" \/><\/span><br \/>\n<span class=\"wpcf7-form-control-wrap\" data-name=\"text-149\"><input size=\"40\" maxlength=\"400\" class=\"wpcf7-form-control wpcf7-text\" aria-invalid=\"false\" placeholder=\"Telefon\/Fax\" value=\"\" type=\"text\" name=\"text-149\" \/><\/span><br \/>\n<span class=\"wpcf7-form-control-wrap\" data-name=\"text-150\"><input size=\"40\" maxlength=\"400\" class=\"wpcf7-form-control wpcf7-text\" aria-invalid=\"false\" placeholder=\"Telefon kom\u00f3rkowy\" value=\"\" type=\"text\" name=\"text-150\" \/><\/span><br \/>\n<span class=\"wpcf7-form-control-wrap\" data-name=\"text-151\"><input size=\"40\" maxlength=\"400\" class=\"wpcf7-form-control wpcf7-text\" aria-invalid=\"false\" placeholder=\"Strona WWW\" value=\"\" type=\"text\" name=\"text-151\" \/><\/span><br \/>\n<span class=\"wpcf7-form-control-wrap\" data-name=\"text-152\"><input size=\"40\" maxlength=\"400\" class=\"wpcf7-form-control wpcf7-text\" aria-invalid=\"false\" placeholder=\"Email\" value=\"\" type=\"text\" name=\"text-152\" \/><\/span><br \/>\n<span class=\"wpcf7-form-control-wrap\" data-name=\"textarea-502\"><textarea cols=\"40\" rows=\"10\" maxlength=\"2000\" class=\"wpcf7-form-control wpcf7-textarea\" aria-invalid=\"false\" placeholder=\"Tre\u015b\u0107\" name=\"textarea-502\"><\/textarea><\/span>\n<\/p>\n<p><label>REKLAMA NA PODSTAWIE:<\/label><br \/>\n<span class=\"wpcf7-form-control-wrap\" data-name=\"text-153\"><input size=\"40\" maxlength=\"400\" class=\"wpcf7-form-control wpcf7-text wpcf7-validates-as-required\" aria-required=\"true\" aria-invalid=\"false\" placeholder=\"Kolorystyka preferowana przez klienta\" value=\"\" type=\"text\" name=\"text-153\" \/><\/span>\n<\/p>\n<p><label>PROJEKT NR 1<\/label><br \/>\n<span class=\"wpcf7-form-control-wrap\" data-name=\"checkbox-316\"><span class=\"wpcf7-form-control wpcf7-checkbox\"><span class=\"wpcf7-list-item first\"><label><input type=\"checkbox\" name=\"checkbox-316[]\" value=\"wg poprzedniego plakatu\" \/><span class=\"wpcf7-list-item-label\">wg poprzedniego plakatu<\/span><\/label><\/span><span class=\"wpcf7-list-item\"><label><input type=\"checkbox\" name=\"checkbox-316[]\" value=\"wg dostarczonych materia\u0142\u00f3w\" \/><span class=\"wpcf7-list-item-label\">wg dostarczonych materia\u0142\u00f3w<\/span><\/label><\/span><span class=\"wpcf7-list-item last\"><label><input type=\"checkbox\" name=\"checkbox-316[]\" value=\"wg www klienta\" \/><span class=\"wpcf7-list-item-label\">wg www klienta<\/span><\/label><\/span><\/span><\/span>\n<\/p>\n<p><label>GRAFIKA<\/label><br \/>\n<span class=\"wpcf7-form-control-wrap\" data-name=\"checkbox-842\"><span class=\"wpcf7-form-control wpcf7-checkbox\"><span class=\"wpcf7-list-item first\"><label><input type=\"checkbox\" name=\"checkbox-842[]\" value=\"identyczna\" \/><span class=\"wpcf7-list-item-label\">identyczna<\/span><\/label><\/span><span class=\"wpcf7-list-item\"><label><input type=\"checkbox\" name=\"checkbox-842[]\" value=\"podobna\" \/><span class=\"wpcf7-list-item-label\">podobna<\/span><\/label><\/span><span class=\"wpcf7-list-item\"><label><input type=\"checkbox\" name=\"checkbox-842[]\" value=\"wg sugestii klienta\" \/><span class=\"wpcf7-list-item-label\">wg sugestii klienta<\/span><\/label><\/span><span class=\"wpcf7-list-item last\"><label><input type=\"checkbox\" name=\"checkbox-842[]\" value=\"dowolna\" \/><span class=\"wpcf7-list-item-label\">dowolna<\/span><\/label><\/span><\/span><\/span>\n<\/p>\n<p><label>U\u0141O\u017bENIE TEKSTU<\/label><br \/>\n<span class=\"wpcf7-form-control-wrap\" data-name=\"checkbox-274\"><span class=\"wpcf7-form-control wpcf7-checkbox\"><span class=\"wpcf7-list-item first\"><label><input type=\"checkbox\" name=\"checkbox-274[]\" value=\"identyczne\" \/><span class=\"wpcf7-list-item-label\">identyczne<\/span><\/label><\/span><span class=\"wpcf7-list-item\"><label><input type=\"checkbox\" name=\"checkbox-274[]\" value=\"podobne\" \/><span class=\"wpcf7-list-item-label\">podobne<\/span><\/label><\/span><span class=\"wpcf7-list-item\"><label><input type=\"checkbox\" name=\"checkbox-274[]\" value=\"wg sugestii klienta\" \/><span class=\"wpcf7-list-item-label\">wg sugestii klienta<\/span><\/label><\/span><span class=\"wpcf7-list-item last\"><label><input type=\"checkbox\" name=\"checkbox-274[]\" value=\"dowolne\" \/><span class=\"wpcf7-list-item-label\">dowolne<\/span><\/label><\/span><\/span><\/span>\n<\/p>\n<p><span class=\"wpcf7-form-control-wrap\" data-name=\"textarea-664\"><textarea cols=\"40\" rows=\"10\" maxlength=\"2000\" class=\"wpcf7-form-control wpcf7-textarea\" aria-invalid=\"false\" placeholder=\"Dodatkowe uwagi\" name=\"textarea-664\"><\/textarea><\/span><br \/>\n<span class=\"wpcf7-form-control-wrap\" data-name=\"text-792\"><input size=\"40\" maxlength=\"400\" class=\"wpcf7-form-control wpcf7-text\" aria-invalid=\"false\" placeholder=\"Lokalizacja na mapie\" value=\"\" type=\"text\" name=\"text-792\" \/><\/span>\n<\/p>\n<p><label>REKLAM\u0118 WYS\u0141A\u0106 DO:<\/label>\n<\/p>\n<p><label>KLIENTA<\/label><br \/>\n<span class=\"wpcf7-form-control-wrap\" data-name=\"text-793\"><input size=\"40\" maxlength=\"400\" class=\"wpcf7-form-control wpcf7-text\" aria-invalid=\"false\" placeholder=\"Poczta Polska\" value=\"\" type=\"text\" name=\"text-793\" \/><\/span><br \/>\n<span class=\"wpcf7-form-control-wrap\" data-name=\"text-794\"><input size=\"40\" maxlength=\"400\" class=\"wpcf7-form-control wpcf7-text\" aria-invalid=\"false\" placeholder=\"E-mail\" value=\"\" type=\"text\" name=\"text-794\" \/><\/span><br \/>\n<span class=\"wpcf7-form-control-wrap\" data-name=\"text-795\"><input size=\"40\" maxlength=\"400\" class=\"wpcf7-form-control wpcf7-text wpcf7-validates-as-required\" aria-required=\"true\" aria-invalid=\"false\" placeholder=\"Osoba do kontaktu\" value=\"\" type=\"text\" name=\"text-795\" \/><\/span><br \/>\n<span class=\"wpcf7-form-control-wrap\" data-name=\"text-796\"><input size=\"40\" maxlength=\"400\" class=\"wpcf7-form-control wpcf7-text wpcf7-validates-as-required\" aria-required=\"true\" aria-invalid=\"false\" placeholder=\"Telefon\" value=\"\" type=\"text\" name=\"text-796\" \/><\/span>\n<\/p>\n<p><label>PH<\/label><br \/>\n<span class=\"wpcf7-form-control-wrap\" data-name=\"text-797\"><input size=\"40\" maxlength=\"400\" class=\"wpcf7-form-control wpcf7-text\" aria-invalid=\"false\" placeholder=\"Poczta Polska\" value=\"\" type=\"text\" name=\"text-797\" \/><\/span><br \/>\n<span class=\"wpcf7-form-control-wrap\" data-name=\"text-798\"><input size=\"40\" maxlength=\"400\" class=\"wpcf7-form-control wpcf7-text\" aria-invalid=\"false\" placeholder=\"E-mail\" value=\"\" type=\"text\" name=\"text-798\" \/><\/span>\n<\/p>\n<p><label>PRZEDSTAWICIEL:<\/label><br \/>\n<span class=\"wpcf7-form-control-wrap\" data-name=\"text-165\"><input size=\"40\" maxlength=\"400\" class=\"wpcf7-form-control wpcf7-text wpcf7-validates-as-required\" aria-required=\"true\" aria-invalid=\"false\" placeholder=\"Imi\u0119 nazwisko przedstawiciela\" value=\"\" type=\"text\" name=\"text-165\" \/><\/span><br \/>\n<span class=\"wpcf7-form-control-wrap\" data-name=\"email-739\"><input size=\"40\" maxlength=\"400\" class=\"wpcf7-form-control wpcf7-email wpcf7-validates-as-required wpcf7-text wpcf7-validates-as-email\" aria-required=\"true\" aria-invalid=\"false\" placeholder=\"Podaj e-mail na kt\u00f3ry chcesz otrzyma\u0107 ten schemat\" value=\"\" type=\"email\" name=\"email-739\" \/><\/span>\n<\/p>\n<p><label>UWAGI<\/label><br \/>\n<span class=\"wpcf7-form-control-wrap\" data-name=\"textarea-989\"><textarea cols=\"40\" rows=\"10\" maxlength=\"2000\" class=\"wpcf7-form-control wpcf7-textarea\" aria-invalid=\"false\" placeholder=\"Tutaj wpisz ewentualne uwagi\" name=\"textarea-989\"><\/textarea><\/span>\n<\/p>\n<p><input class=\"wpcf7-form-control wpcf7-submit has-spinner\" type=\"submit\" value=\"Wy\u015blij\" \/>\n<\/p><div class=\"wpcf7-response-output\" aria-hidden=\"true\"><\/div>\n<\/form>\n<\/div>\n\n<!-- \/wp:shortcode -->\t\t\t\t\t\t<\/div>\n\t\t\t\t<\/div>\n\t\t\t\t<\/div>\n\t\t\t\t<\/div>\n\t\t","protected":false},"excerpt":{"rendered":"","protected":false},"author":1,"featured_media":0,"parent":0,"menu_order":0,"comment_status":"closed","ping_status":"closed","template":"blank","meta":{"footnotes":""},"class_list":["post-2","page","type-page","status-publish","hentry"],"_links":{"self":[{"href":"https:\/\/bigform-schemat.dfirma.pl\/index.php?rest_route=\/wp\/v2\/pages\/2","targetHints":{"allow":["GET"]}}],"collection":[{"href":"https:\/\/bigform-schemat.dfirma.pl\/index.php?rest_route=\/wp\/v2\/pages"}],"about":[{"href":"https:\/\/bigform-schemat.dfirma.pl\/index.php?rest_route=\/wp\/v2\/types\/page"}],"author":[{"embeddable":true,"href":"https:\/\/bigform-schemat.dfirma.pl\/index.php?rest_route=\/wp\/v2\/users\/1"}],"replies":[{"embeddable":true,"href":"https:\/\/bigform-schemat.dfirma.pl\/index.php?rest_route=%2Fwp%2Fv2%2Fcomments&post=2"}],"version-history":[{"count":34,"href":"https:\/\/bigform-schemat.dfirma.pl\/index.php?rest_route=\/wp\/v2\/pages\/2\/revisions"}],"predecessor-version":[{"id":75,"href":"https:\/\/bigform-schemat.dfirma.pl\/index.php?rest_route=\/wp\/v2\/pages\/2\/revisions\/75"}],"wp:attachment":[{"href":"https:\/\/bigform-schemat.dfirma.pl\/index.php?rest_route=%2Fwp%2Fv2%2Fmedia&parent=2"}],"curies":[{"name":"wp","href":"https:\/\/api.w.org\/{rel}","templated":true}]}}